{"id":29,"date":"2015-05-06T07:55:12","date_gmt":"2015-05-06T07:55:12","guid":{"rendered":"http:\/\/pension-rothe.de\/?page_id=29"},"modified":"2021-11-28T16:17:15","modified_gmt":"2021-11-28T16:17:15","slug":"impressum","status":"publish","type":"page","link":"https:\/\/pension-rothe.de\/?page_id=29","title":{"rendered":"Impressum"},"content":{"rendered":"<div class=\"entry-content\">\n<p>Pension Rothe<br \/>\nInhaber Andreas Jahn<br \/>\nPei\u00dfener Weg 1<br \/>\n06188 Landsberg OT Z\u00f6beritz<br \/>\nSteuer-Nr. beim Finanzamt Halle (Saale): 110 \/ 236 \/ 08172<\/p>\n<p><em><strong>Disclaimer \u2013 rechtliche Hinweise<\/strong><\/em><\/p>\n<ul>\n<li><strong>Haftungsbeschr\u00e4nkung f\u00fcr eigene Inhalte<\/strong><\/li>\n<\/ul>\n<p>Alle Inhalte unseres Internetauftritts wurden mit Sorgfalt und nach bestem Gewissen erstellt. Eine Gew\u00e4hr f\u00fcr die Aktualit\u00e4t, Vollst\u00e4ndigkeit und Richtigkeit s\u00e4mtlicher Seiten kann jedoch nicht \u00fcbernommen werden. Haftungsanspr\u00fcche gegen die Pension Rothe wegen Sch\u00e4den materieller oder ideeller Art, die durch Nutzung oder Nichtnutzung der dargebotenen Informationen beziehungsweise durch die Nutzung fehlerhafter und unvollst\u00e4ndiger Informationen verursacht wurden, sind grunds\u00e4tzlich ausgeschlossen, es sei den der Pension Rothe ist vors\u00e4tzliches oder grob fahrl\u00e4ssiges Verschulden nachzuweisen.<br \/>\nGem\u00e4\u00df \u00a7 7 Abs. 1 TMG sind wir als Dienstanbieter f\u00fcr eigene Inhalte auf diesen Seiten nach den allgemeinen Gesetzen verantwortlich, nach\u00a0 den \u00a7\u00a7 8 bis 10 TMG jedoch nicht verpflichtet, die \u00fcbermittelten oder gespeicherten fremden Informationen zu \u00fcberwachen. Die Verpflichtungen zur Entfernung oder Sperrung der Nutzung von Informationen nach den allgemeinen Gesetzen bleiben hiervon unber\u00fchrt.\u00a0Eine umgehende Entfernung dieser Inhalte erfolgt ab dem Zeitpunkt der Kenntnis einer konkreten Rechtsverletzung und wir haften nicht vor dem Zeitpunkt der Kenntniserlangung.<\/p>\n<ul>\n<li><strong>Haftungsbeschr\u00e4nkung f\u00fcr externe Links<\/strong><\/li>\n<\/ul>\n<p>Unsere Webseite enth\u00e4lt sog. \u201eexterne Links\u201c (Verkn\u00fcpfungen zu Webseiten Dritter), auf deren Inhalt wir keinen Einfluss haben und f\u00fcr den wir aus diesem Grund keine Gew\u00e4hr \u00fcbernehmen. F\u00fcr die Inhalte und Richtigkeit der Informationen ist der jeweilige Infor-mationsanbieter der verlinkten Webseite verantwortlich. Als die Verlinkung vorge-nommen wurde, waren f\u00fcr uns keine Rechtsverst\u00f6\u00dfe erkennbar. Die permanente inhaltliche Kontrolle der verlinkten Seiten ist jedoch ohne konkrete Anhaltspunkte einer Rechtsverletzung nicht zumutbar. Sollte uns eine Rechtsverletzung bekannt werden, wird der jeweilige Link umgehend von uns entfernt.<\/p>\n<ul>\n<li><strong>Urheberrecht<\/strong><\/li>\n<\/ul>\n<p>Die auf dieser Webseite ver\u00f6ffentlichten Inhalte und Werke unterliegen dem deutschen Urheberrecht. Jede Art der Vervielf\u00e4ltigung, Bearbeitung, Verbreitung und jede Art der Verwertung au\u00dferhalb der Grenzen des Urheberrechts bedarf der vorherigen schriftlichen Zustimmung des jeweiligen Urhebers beziehungsweise Autors. Downloads und Kopien dieser Seite sind nur f\u00fcr den privaten, nicht kommerziellen Gebrauch gestattet. Soweit die Inhalte dieser Seite nicht durch die Pension Rothe erstellt werden, werden die Urheberrechte Dritter beachtet. Insbesondere werden Inhalte Dritter als solche gekennzeichnet. Sollten Sie trotzdem auf eine Urheberrechtsverletzung aufmerksam werden, bitten wir Sie um einen entsprech-enden Hinweis. Bei Bekanntwerden von Rechtsverletzungen werden wir derartige Inhalte umgehend entfernen.<\/p>\n<ul>\n<li><strong>Datenschutz<\/strong><\/li>\n<\/ul>\n<p>Die Nutzung unserer Webseite ist in der Regel ohne Angabe personenbezogener Daten m\u00f6glich. Durch den Besuch unseres Internetauftritts k\u00f6nnen Informationen \u00fcber den Zugriff (Datum, Uhrzeit, aufgerufene Seite) auf dem Server gespeichert werden. Dies stellt keine Auswertung personenbezogener Daten (z.B. Name, Anschrift oder E-Mail Adresse) dar. Sofern personenbezogene Daten erhoben werden, erfolgt dies \u2013 sofern m\u00f6glich \u2013 nur mit dem vorherigen Einverst\u00e4ndnis des Nutzers der Webseite. Eine Weiterleitung der Daten an Dritte findet ohne ausdr\u00fcckliche Zustimmung des Nutzers nicht statt. Wir weisen ausdr\u00fccklich darauf hin, dass die \u00dcbertragung von Daten im Internet (zum Beispiel per E-Mail) Sicherheitsl\u00fccken aufweisen kann. Ein l\u00fcckenloser Schutz der Daten vor dem Zugriff Dritter kann nicht gew\u00e4hrleistet werden. Wir k\u00f6nnen keine Haftung f\u00fcr die durch solche Sicherheitsl\u00fccken entstehenden Sch\u00e4den \u00fcbernehmen. Der Verwendung ver\u00f6ffentlichter Kontaktdaten durch Dritte zum Zwecke von Werbung wird ausdr\u00fccklich widersprochen. Wir behalten uns rechtliche Schritte f\u00fcr den Fall der unverlangten Zusendung von Werbeinformationen, zum Beispiel durch Spam-Mails, vor.<\/p>\n<ul>\n<li><strong>Rechtswirksamkeit dieses Haftungsausschlusses<\/strong><\/li>\n<\/ul>\n<p>Sofern Teile oder einzelne Formulierungen dieses Textes der geltenden Rechtslage nicht, nicht mehr oder nicht vollst\u00e4ndig entsprechen sollten, bleiben die \u00fcbrigen Teile des\u00a0Dokumentes in ihrem Inhalt und ihrer G\u00fcltigkeit davon unber\u00fchrt.<\/p>\n<p><em>Quellverweis<\/em><br \/>\n<em>Dieser Disclaimer wurde unter Nutzung folgender Quellen erstellt:<\/em><\/p>\n<ul>\n<li><em>Disclaimer von eRecht24.de, dem Portal zum Internetrecht von Rechtsanwalt S\u00f6ren Siebert<\/em><\/li>\n<li><em>Muster \u2013 Disclaimer von Mustervorlage.net, bereitgestellt \u00a0von Rose &amp; Partner Rechtsanw\u00e4lte . Steuerberater<\/em><\/li>\n<\/ul>\n<\/div>\n","protected":false},"excerpt":{"rendered":"<p>Pension Rothe Inhaber Andreas Jahn Pei\u00dfener Weg 1 06188 Landsberg OT Z\u00f6beritz Steuer-Nr. beim Finanzamt Halle (Saale): 110 \/ 236 \/ 08172 Disclaimer \u2013 rechtliche Hinweise Haftungsbeschr\u00e4nkung f\u00fcr eigene Inhalte Alle Inhalte unseres Internetauftritts wurden mit Sorgfalt und nach bestem Gewissen erstellt. Eine Gew\u00e4hr f\u00fcr die Aktualit\u00e4t, Vollst\u00e4ndigkeit und Richtigkeit s\u00e4mtlicher Seiten kann jedoch nicht [&hellip;]<\/p>\n","protected":false},"author":1,"featured_media":0,"parent":2,"menu_order":4,"comment_status":"closed","ping_status":"closed","template":"","meta":{"footnotes":""},"_links":{"self":[{"href":"https:\/\/pension-rothe.de\/index.php?rest_route=\/wp\/v2\/pages\/29"}],"collection":[{"href":"https:\/\/pension-rothe.de\/index.php?rest_route=\/wp\/v2\/pages"}],"about":[{"href":"https:\/\/pension-rothe.de\/index.php?rest_route=\/wp\/v2\/types\/page"}],"author":[{"embeddable":true,"href":"https:\/\/pension-rothe.de\/index.php?rest_route=\/wp\/v2\/users\/1"}],"replies":[{"embeddable":true,"href":"https:\/\/pension-rothe.de\/index.php?rest_route=%2Fwp%2Fv2%2Fcomments&post=29"}],"version-history":[{"count":3,"href":"https:\/\/pension-rothe.de\/index.php?rest_route=\/wp\/v2\/pages\/29\/revisions"}],"predecessor-version":[{"id":58,"href":"https:\/\/pension-rothe.de\/index.php?rest_route=\/wp\/v2\/pages\/29\/revisions\/58"}],"up":[{"embeddable":true,"href":"https:\/\/pension-rothe.de\/index.php?rest_route=\/wp\/v2\/pages\/2"}],"wp:attachment":[{"href":"https:\/\/pension-rothe.de\/index.php?rest_route=%2Fwp%2Fv2%2Fmedia&parent=29"}],"curies":[{"name":"wp","href":"https:\/\/api.w.org\/{rel}","templated":true}]}}