{"id":2,"date":"2015-04-28T04:26:46","date_gmt":"2015-04-28T04:26:46","guid":{"rendered":"http:\/\/localhost\/wordpress\/?page_id=2"},"modified":"2024-07-28T16:06:08","modified_gmt":"2024-07-28T16:06:08","slug":"sample-page","status":"publish","type":"page","link":"https:\/\/pension-rothe.de\/","title":{"rendered":"Startseite"},"content":{"rendered":"<div class=\"_mr\">\n<div class=\"style_SkipStroke_3 shape-with-text flowDefining\">\n<div class=\"text-content style_External_637_591\">\n<div class=\"style\">\n<p class=\"Body\"><span class=\"style_1\">Willkommen in der Familien-Pension Rothe.<br \/><\/span><\/p>\n<p class=\"Body\">Wir bieten Ihnen preisg\u00fcnstige \u00dcbernachtungsm\u00f6glichkeiten in hotelm\u00e4\u00dfig eingerichteten Zimmern, bestens geeignet f\u00fcr Ingenieure, Monteure und Reisende.<\/p>\n<p>Fr\u00fchst\u00fcck ist nach vorheriger Absprache m\u00f6glich.<\/p>\n<p class=\"Body\">Verkehrsg\u00fcnstig am Stadtrand von Halle (Saale) gelegen, sind wir immer gut erreichbar.<\/p>\n<\/div>\n<p>Ausreichende Parkm\u00f6glichkeiten sind vorhanden.<\/p>\n<div class=\"style\">\n<div class=\"paragraph Body\">\n<div id=\"id1\" class=\"style_SkipStroke_2 shape-with-text inline-block\">\n<div class=\"text-content graphic_textbox_layout_style_default_External_415_182\">\n<div class=\"graphic_textbox_layout_style_default\">\n<p class=\"Body\">Von unserer Pension erreichen Sie mit dem PKW das Stadtzentrum Halle (Saale) in circa 5 Minuten, das Stadtzentrum Leipzig in circa 25 Minuten und den Flughafen Leipzig\/Halle in 12 Minuten.<\/p>\n<p class=\"Body\">Einkaufsm\u00f6glichkeiten bieten sich im Einkaufscenter Halle-Pei\u00dfen (mit dem PKW in 3 Minuten, zu Fu\u00df in circa 15 Minuten erreichbar).<\/p>\n<\/div>\n<\/div>\n<\/div>\n<\/div>\n<\/div>\n<\/div>\n<\/div>\n<\/div>\n<div class=\"_mr\">\n<div class=\"style_SkipStroke_3 shape-with-text flowDefining\">\n<div class=\"text-content style_External_637_591\">\n<div class=\"style\">\n<p class=\"Body\">In Z\u00f6beritz sind Haltepunkte der DB Strecke Magdeburg &#8211; Halle und Haltepunkte verschiedener Buslinien vorhanden. Die Haltepunkte sind innerhalb von 5 Minuten zu Fu\u00df erreichbar.<\/p>\n<\/div>\n<div class=\"_mr\">\u00a0<\/div>\n<\/div>\n<\/div>\n<\/div>\n<div class=\"_lR\">\n<div class=\"_mr\">Adresse: \u00a0\u00a0\u00a0\u00a0\u00a0\u00a0\u00a0\u00a0\u00a0\u00a0\u00a0\u00a0\u00a0\u00a0 Pei\u00dfener Weg 1, 06188 Landsberg OT Z\u00f6beritz<\/div>\n<div class=\"_mr\">Telefon:\u00a0\u00a0\u00a0\u00a0\u00a0\u00a0\u00a0\u00a0\u00a0\u00a0\u00a0\u00a0\u00a0\u00a0\u00a0\u00a0 0345 5601679<\/div>\n<\/div>\n\n\n<p><\/p>\n","protected":false},"excerpt":{"rendered":"<p>Willkommen in der Familien-Pension Rothe. Wir bieten Ihnen preisg\u00fcnstige \u00dcbernachtungsm\u00f6glichkeiten in hotelm\u00e4\u00dfig eingerichteten Zimmern, bestens geeignet f\u00fcr Ingenieure, Monteure und Reisende. Fr\u00fchst\u00fcck ist nach vorheriger Absprache m\u00f6glich. Verkehrsg\u00fcnstig am Stadtrand von Halle (Saale) gelegen, sind wir immer gut erreichbar. Ausreichende Parkm\u00f6glichkeiten sind vorhanden. Von unserer Pension erreichen Sie mit dem PKW das Stadtzentrum Halle (Saale) [&hellip;]<\/p>\n","protected":false},"author":1,"featured_media":37,"parent":0,"menu_order":0,"comment_status":"closed","ping_status":"closed","template":"","meta":{"footnotes":""},"_links":{"self":[{"href":"https:\/\/pension-rothe.de\/index.php?rest_route=\/wp\/v2\/pages\/2"}],"collection":[{"href":"https:\/\/pension-rothe.de\/index.php?rest_route=\/wp\/v2\/pages"}],"about":[{"href":"https:\/\/pension-rothe.de\/index.php?rest_route=\/wp\/v2\/types\/page"}],"author":[{"embeddable":true,"href":"https:\/\/pension-rothe.de\/index.php?rest_route=\/wp\/v2\/users\/1"}],"replies":[{"embeddable":true,"href":"https:\/\/pension-rothe.de\/index.php?rest_route=%2Fwp%2Fv2%2Fcomments&post=2"}],"version-history":[{"count":11,"href":"https:\/\/pension-rothe.de\/index.php?rest_route=\/wp\/v2\/pages\/2\/revisions"}],"predecessor-version":[{"id":151,"href":"https:\/\/pension-rothe.de\/index.php?rest_route=\/wp\/v2\/pages\/2\/revisions\/151"}],"wp:featuredmedia":[{"embeddable":true,"href":"https:\/\/pension-rothe.de\/index.php?rest_route=\/wp\/v2\/media\/37"}],"wp:attachment":[{"href":"https:\/\/pension-rothe.de\/index.php?rest_route=%2Fwp%2Fv2%2Fmedia&parent=2"}],"curies":[{"name":"wp","href":"https:\/\/api.w.org\/{rel}","templated":true}]}}